{"id":4916,"date":"2016-02-19T05:52:53","date_gmt":"2016-02-19T04:52:53","guid":{"rendered":"https:\/\/www.oliomerlini.it\/prodotto\/lor-vert-de-toscane-promenade-guidee-a-la-decouverte-de-lhuile-dolive-extra-vierge\/"},"modified":"2025-10-31T19:52:18","modified_gmt":"2025-10-31T18:52:18","slug":"lor-vert-de-toscane-promenade-guidee-a-la-decouverte-de-lhuile-dolive-extra-vierge","status":"publish","type":"product","link":"https:\/\/www.oliomerlini.it\/fr\/prodotto\/lor-vert-de-toscane-promenade-guidee-a-la-decouverte-de-lhuile-dolive-extra-vierge\/","title":{"rendered":"L'\u00a0\u00bbor vert\u00a0\u00bb de Toscane. Promenade guid\u00e9e \u00e0 la d\u00e9couverte de l\u2019huile d\u2019olive extra-vierge"},"content":{"rendered":"<style type=\"text\/css\"><\/style>","protected":false},"excerpt":{"rendered":"<p>Les clich\u00e9s qui d\u00e9forment l\u2019image, la valeur et la correcte compr\u00e9hension de cet extraordinaire produit de la terre sont nombreux, trop nombreux !! \u201cUne huile am\u00e8re c\u2019est une huile qui n\u2019est pas bonne\u201d: tel est certainement l\u2019un des lieux comuns les plus r\u00e9p\u00e9t\u00e9s ettrompeurs. Les mythes \u00e0 d\u00e9mystifier, cependant, sont nombreux, comme celui du juste prix de la bonne huile d\u2019olive extra vierge. <strong>Cette visite guid\u00e9e est con\u00e7ue pour ceux qui d\u00e9sirent comprendre ce qu\u2019 est vraiment l\u2019huile d\u2019olive toscane extra vierge<\/strong> . Pour cette raison j\u2019ai d\u00e9cid\u00e9 de vous conduire dans une une promenade parmi mes oliviers et vous permettre de toucher du doigt, directement sur le terrain, tout ce dont l\u2019olivier a besoin, aussi bien que ses fruits pr\u00e9cieux: les olives. Qu\u2019est-ce qu\u2019on doit faire pour que l\u2019olivier puisse donner beaucoup de fruits? Quand et comment les olives sont recueillies? Et combien de temps doit-il se passer entre la cueillette des olives et la pression au moulin? Je vous parlerai d\u2019huile et de paysage aussi, ce paysage harmonieux entourant nos oliviers et nos vignes: car en Toscane l\u2019huile et le paysage sont ins\u00e9parables. Quelle est la cause d\u2019autant de beaut\u00e9 et d\u2019harmonie?<\/p>\n<p>Pas de souci: je vous en expliquerai tous les \u201csecrets\u201d! La visite se terminera par une <strong>d\u00e9gustation guid\u00e9e<\/strong> de notre huile d\u2019olive extra vierge, naturellement en compagnie de toute la famille!<\/p>\n<p>Informations<\/p>\n<p align=\"JUSTIFY\"><strong>O\u00d9<\/strong>: Ferme Merlini, via Fiano-Betto-7, Certaldo (FI)<\/p>\n<p><strong>QUAND<\/strong>: toute l&rsquo;ann\u00e9e, sur demande<\/p>\n<p><strong>DUR\u00c9E<\/strong>\u00a0de l&rsquo;exp\u00e9rience: 2h00<\/p>\n<p><strong>PRIX <\/strong>adultes: 38 \u20ac par personne ; enfants jusqu&rsquo;\u00e0 14 ans: gratuit<\/p>\n<p>Participants: minimum 4 personnes (adultes) \u2013 maximum 6 personnes<\/p>\n<p>Sur demande, la visite peut \u00e9galement \u00eatre realis\u00e9e pour des petits groupes de moins de 4 personnes: dans ce cas le co\u00fbt de la prestation est de 150 \u20ac pour l&rsquo;ensemble du groupe.<\/p>\n","protected":false},"featured_media":4744,"template":"","meta":[],"product_brand":[],"product_cat":[62],"product_tag":[],"class_list":{"0":"post-4916","1":"product","2":"type-product","3":"status-publish","4":"has-post-thumbnail","6":"product_cat-adoptez-un-olivier-visites-guidees","8":"first","9":"instock","10":"virtual","11":"taxable","12":"purchasable","13":"product-type-simple"},"aioseo_notices":[],"_links":{"self":[{"href":"https:\/\/www.oliomerlini.it\/fr\/wp-json\/wp\/v2\/product\/4916","targetHints":{"allow":["GET"]}}],"collection":[{"href":"https:\/\/www.oliomerlini.it\/fr\/wp-json\/wp\/v2\/product"}],"about":[{"href":"https:\/\/www.oliomerlini.it\/fr\/wp-json\/wp\/v2\/types\/product"}],"wp:featuredmedia":[{"embeddable":true,"href":"https:\/\/www.oliomerlini.it\/fr\/wp-json\/wp\/v2\/media\/4744"}],"wp:attachment":[{"href":"https:\/\/www.oliomerlini.it\/fr\/wp-json\/wp\/v2\/media?parent=4916"}],"wp:term":[{"taxonomy":"product_brand","embeddable":true,"href":"https:\/\/www.oliomerlini.it\/fr\/wp-json\/wp\/v2\/product_brand?post=4916"},{"taxonomy":"product_cat","embeddable":true,"href":"https:\/\/www.oliomerlini.it\/fr\/wp-json\/wp\/v2\/product_cat?post=4916"},{"taxonomy":"product_tag","embeddable":true,"href":"https:\/\/www.oliomerlini.it\/fr\/wp-json\/wp\/v2\/product_tag?post=4916"}],"curies":[{"name":"wp","href":"https:\/\/api.w.org\/{rel}","templated":true}]}}