{"id":4912,"date":"2016-02-06T10:25:35","date_gmt":"2016-02-06T09:25:35","guid":{"rendered":"https:\/\/www.oliomerlini.it\/prodotto\/adoptez-un-olivier\/"},"modified":"2016-02-06T10:25:35","modified_gmt":"2016-02-06T09:25:35","slug":"adoptez-un-olivier","status":"publish","type":"product","link":"https:\/\/www.oliomerlini.it\/fr\/prodotto\/adoptez-un-olivier\/","title":{"rendered":"Adoptez un olivier!"},"content":{"rendered":"<style type=\"text\/css\"><\/style>","protected":false},"excerpt":{"rendered":"<p><strong> Adoptez un olivier!<\/strong><\/p>\n<p>Une grande id\u00e9e cadeau! Aimez-vous le paysage de la Toscane et voulez-vous apporter une contribution \u00e0 sa pr\u00e9servation? Faites un geste concret: adoptez un de nos oliviers! L&rsquo;adoption d&rsquo;un olivier peut donner une contribution concr\u00e8te \u00e0 la pr\u00e9servation du paysage de la Toscane, forg\u00e9e \u00e0 travers les si\u00e8cles par le travail de l&rsquo;homme: avec votre aide les petites entreprises comme la n\u00f4tre auront la possibilit\u00e9 de poursuivre leur travail qui, pendant des si\u00e8cles, est li\u00e9 \u00e0 la connaissances, \u00e0 l&rsquo;entretien et pr\u00e9servation de ce patrimoine pr\u00e9cieux qui appartient \u00e0 tous!\u00a0\u00bbAdoptez un olivier\u00a0\u00bbest aussi une id\u00e9e cadeau vraiment originale que vous pouvez envoyer \u00e0 un ami ou \u00e0 un proche pour une occasion sp\u00e9ciale!<\/p>\n","protected":false},"featured_media":4770,"template":"","meta":[],"product_brand":[],"product_cat":[46],"product_tag":[],"class_list":{"0":"post-4912","1":"product","2":"type-product","3":"status-publish","4":"has-post-thumbnail","6":"product_cat-senza-categoria","8":"first","9":"instock","10":"virtual","11":"taxable","12":"purchasable","13":"product-type-simple"},"aioseo_notices":[],"_links":{"self":[{"href":"https:\/\/www.oliomerlini.it\/fr\/wp-json\/wp\/v2\/product\/4912","targetHints":{"allow":["GET"]}}],"collection":[{"href":"https:\/\/www.oliomerlini.it\/fr\/wp-json\/wp\/v2\/product"}],"about":[{"href":"https:\/\/www.oliomerlini.it\/fr\/wp-json\/wp\/v2\/types\/product"}],"wp:featuredmedia":[{"embeddable":true,"href":"https:\/\/www.oliomerlini.it\/fr\/wp-json\/wp\/v2\/media\/4770"}],"wp:attachment":[{"href":"https:\/\/www.oliomerlini.it\/fr\/wp-json\/wp\/v2\/media?parent=4912"}],"wp:term":[{"taxonomy":"product_brand","embeddable":true,"href":"https:\/\/www.oliomerlini.it\/fr\/wp-json\/wp\/v2\/product_brand?post=4912"},{"taxonomy":"product_cat","embeddable":true,"href":"https:\/\/www.oliomerlini.it\/fr\/wp-json\/wp\/v2\/product_cat?post=4912"},{"taxonomy":"product_tag","embeddable":true,"href":"https:\/\/www.oliomerlini.it\/fr\/wp-json\/wp\/v2\/product_tag?post=4912"}],"curies":[{"name":"wp","href":"https:\/\/api.w.org\/{rel}","templated":true}]}}