{"id":4886,"date":"2015-10-10T12:08:51","date_gmt":"2015-10-10T10:08:51","guid":{"rendered":"https:\/\/www.oliomerlini.it\/privacy\/"},"modified":"2021-12-02T13:24:02","modified_gmt":"2021-12-02T12:24:02","slug":"privacy","status":"publish","type":"page","link":"https:\/\/www.oliomerlini.it\/fr\/privacy\/","title":{"rendered":"Privacy"},"content":{"rendered":"<style type=\"text\/css\"> \n#cmsms_row_69f44c5aa81509_50236081 .cmsms_row_outer_parent { \n\tpadding-top: 25px; \n} \n\n<\/style><div id=\"cmsms_row_69f44c5aa81509_50236081\" class=\"cmsms_row cmsms_color_scheme_default\">\n<div class=\"cmsms_row_outer_parent\">\n<div class=\"cmsms_row_outer\">\n<div class=\"cmsms_row_inner\">\n<div class=\"cmsms_row_margin\">\n<div class=\"cmsms_column one_first\">\n<div class=\"cmsms_text\">\n<p><strong><span style=\"color: #808000;\">Politique de PRIVACY<\/span><\/strong><\/p>\n<p><strong>Le site OLIO DI TOSCANA MERLINI utilise des cookies et autres technologies similaires pour assurer le bon fonctionnement des proc\u00e9dures et am\u00e9liorer l&rsquo;exp\u00e9rience de l&rsquo;utilisation d&rsquo;applications en ligne. Ce document fournit des informations d\u00e9taill\u00e9es sur l&rsquo;utilisation des cookies et autres technologies similaires, la fa\u00e7on dont ils sont utilis\u00e9s par OLIO DI TOSCANA MERLINI et comment les g\u00e9rer.<\/strong><\/p>\n<h5><span style=\"color: #808000;\">D\u00e9finitions<\/span><\/h5>\n<p>Les cookies sont de petits morceaux de texte (lettres et \/ ou chiffres) qui permettent au serveur Web pour stocker sur le client (navigateur) informations pour \u00eatre r\u00e9utilis\u00e9e au cours de la m\u00eame visite sur le site (cookies de session) ou plus tard, m\u00eame apr\u00e8s jour (cookies persistants). Les cookies sont stock\u00e9s, selon les pr\u00e9f\u00e9rences de l&rsquo;utilisateur \u00e0 partir d&rsquo;un simple navigateur sur appareil utilis\u00e9 (ordinateur, tablette, Smartphone).<\/p>\n<p>Des technologies similaires, tels que, par exemple, des balises Web, GIF clairs et toutes les formes de stockage local introduit avec HTML5, peuvent \u00eatre utilis\u00e9s pour recueillir des informations sur le comportement des utilisateurs et l&rsquo;utilisation des services.<\/p>\n<p>Plus tard dans ce document se r\u00e9f\u00e9rera \u00e0 des cookies et autres technologies similaires tout en utilisant simplement le mot \u00abcookie\u00bb.<\/p>\n<h5><span style=\"color: #808000;\">Types de cookies<\/span><\/h5>\n<p>A partir des caract\u00e9ristiques et de l&rsquo;utilisation de cookies, nous pouvons distinguer plusieurs cat\u00e9gories:<\/p>\n<p>Les cookies sont strictement n\u00e9cessaires. Les cookies sont utilis\u00e9s pour g\u00e9rer la connexion et l&rsquo;acc\u00e8s aux fonctions r\u00e9serv\u00e9es du site. La dur\u00e9e des cookies est strictement limit\u00e9e \u00e0 la session de travail (ferm\u00e9 le navigateur sont supprim\u00e9s), o\u00f9 si on utilise des cookies pour une dur\u00e9e plus longue (\u00e9ch\u00e9ance 30 jours) ils sont utilis\u00e9s pour reconna\u00eetre, pour cette p\u00e9riode limit\u00e9e, l&rsquo;ordinateur du visiteur &#8211; \u00e0 travers un code alpha-num\u00e9rique g\u00e9n\u00e9r\u00e9 \u00e0 la premi\u00e8re session de l&rsquo;acc\u00e8s &#8211; de mani\u00e8re a lui montrer le r\u00e9sultat du test effectu\u00e9 par l&rsquo;utilisateur. Leur d\u00e9sactivation peut compromettre l&rsquo;utilisation de services accessibles par connexion. La partie publique est normalement utilis\u00e9. Le site utilise des cookies OLIO DI TOSCANA MERLINI de ce type.<\/p>\n<p>Cookies d&rsquo;analyse et de performance.<br \/>\nLes cookies sont utilis\u00e9s pour collecter et analyser le trafic et utiliser le site de fa\u00e7on anonyme. Ces t\u00e9moins, m\u00eame sans identification de l&rsquo;utilisateur, permettent, par exemple, de d\u00e9tecter si le m\u00eame utilisateur revient \u00e0 se connecter \u00e0 des moments diff\u00e9rents. Ils nous permettent \u00e9galement de surveiller le syst\u00e8me et am\u00e9liorer ses performances et sa facilit\u00e9 d&rsquo;utilisation. La d\u00e9sactivation de ces cookies peut \u00eatre effectu\u00e9e sans aucune perte de fonctionnalit\u00e9s. Le site OLIO DI TOSCANA MERLINI utilise des cookies de cette nature fournies par les services de tiers.<\/p>\n<p>Cookies de profilage.<\/p>\n<p>Ce sont des cookies persistants utilis\u00e9s pour identifier (anonyme ou non) les pr\u00e9f\u00e9rences des utilisateurs et d&rsquo;am\u00e9liorer votre exp\u00e9rience de navigation. Le siteOLIO DI TOSCANA MERLINI n&rsquo;hutilise pas ce type de cookie.<br \/>\nCookies tiers<\/p>\n<p>En Visitant un site web, on peut recevoir des cookies du site visit\u00e9 (\u00abpropri\u00e9taire\u00bb) aussi bien que des sites web g\u00e9r\u00e9s par d&rsquo;autres organisations (\u00ab\u00a0tiers\u00a0\u00bb). Un exemple notable est la pr\u00e9sence de \u00ab\u00a0social plugin\u00a0\u00bb pour Facebook, Twitter, Google+ et LinkedIn. Il s&rsquo;agit de parties de la page visit\u00e9e directement g\u00e9n\u00e9r\u00e9es par ces sites et int\u00e9gr\u00e9s dans la page du site h\u00f4te. L&rsquo;utilisation la plus courante de social plugin est destin\u00e9 \u00e0 partager des contenus sur les r\u00e9seaux sociaux.<\/p>\n<p>La pr\u00e9sence de ces plugins implique la transmission de cookies en provenance et vers tous les sites exploit\u00e9s par des tiers. La gestion des informations recueillies par des \u00ab\u00a0tiers\u00a0\u00bb est r\u00e9gi par les informations pertinentes aux quelles nous vous prions de vous r\u00e9f\u00e9rer. Pour assurer une majeure transparence et commodit\u00e9, sont indiqu\u00e9s ci-dessous les adresses Web o\u00f9 se trouvent les informations diff\u00e9rentes et des fa\u00e7ons de g\u00e9rer les cookies.<\/p>\n<p>Informations Facebook: https:\/\/www.facebook.com\/help\/cookies\/<\/p>\n<p>Facebook (configuration): acc\u00e9der \u00e0 votre compte. Section vie priv\u00e9e.<\/p>\n<p>Informations Google+: http:\/\/www.google.it\/intl\/it\/policies\/technologies\/cookies\/<\/p>\n<p>Google+ (configuration): http:\/\/www.google.it\/intl\/it\/policies\/technologies\/managing\/<\/p>\n<h5><span style=\"color: #808000;\">Google Analytics<\/span><\/h5>\n<p>Le Site OLIO DI TOSCANA MERLINI comprends \u00e9galement certaines composantes transmises par Google Analytics, un service d&rsquo;analyse de trafic web fourni par Google Inc. (\u00abGoogle\u00bb). Il s&rsquo;agit encore d&rsquo;un service o\u00f9 les cookies son collect\u00e9s et g\u00e9re\u00e9s par tiers de fa\u00e7on anonyme pour surveiller et am\u00e9liorer la performance du site d&rsquo;accueil (cookie de performance).<\/p>\n<p>Google Analytics utilise des \u00abcookies\u00bb pour recueillir et analyser des informations anonymes sur le comportement de l&rsquo;utilisation du site OLIO DI TOSCANA MERLINI (y compris votre adresse IP). Cette information est recueillie par Google Analytics, qui traite en vue de pr\u00e9parer des rapports pour les op\u00e9rateurs OLIO DI TOSCANA MERLINI sur les activit\u00e9s sur le site lui-m\u00eame. Ce site n&rsquo;hutilise pas (et ne permet pas aux tiers d&rsquo;utiliser) l&rsquo;outil d&rsquo;analyse de Google de suivre ou de recueillir des informations personnellement identifiables. Google ne recoupera pas votre adresse IP avec toute autre donn\u00e9e d\u00e9tenue par Google ou de chercher \u00e0 lier une adresse IP \u00e0 l&rsquo;identit\u00e9 d&rsquo;un utilisateur. Google peut \u00e9galement communiquer ces informations \u00e0 des tiers sauf si requis par la loi ou lorsque ces tiers traitent ces donn\u00e9es pour le compte de Google.<\/p>\n<p>Pour plus d&rsquo;informations, s&rsquo;il vous pla\u00eet consulter le lien ci-dessous:<\/p>\n<p>https:\/\/www.google.it\/policies\/privacy\/partners\/<\/p>\n<p>Vous pouvez d\u00e9sactiver l&rsquo;action de Google Analytics par l&rsquo;installation sur votre navigateur de la composante de opt-out fourni par Google. Pour d\u00e9sactiver l&rsquo;action de Google Analytics, s&rsquo;il vous pla\u00eet consulter le lien ci-dessous:<\/p>\n<p>https:\/\/tools.google.com\/dlpage\/gaoptout<\/p>\n<p>Dur\u00e9e de cookies<\/p>\n<p>Certains cookies (cookies de session) restent actifs jusqu&rsquo;\u00e0 ce que vous fermez le navigateur ou l&rsquo;ex\u00e9cution de la commande de d\u00e9connexion. Autres cookies \u00ab\u00a0survivent\u00a0\u00bb \u00e0 la fermeture du navigateur et sont \u00e9galement disponibles dans de futures visites.<\/p>\n<p>Ces cookies sont connus comme persistante et leur dur\u00e9e est fix\u00e9e par le serveur au moment de leur cr\u00e9ation. Dans certains cas, il est fix\u00e9 un d\u00e9lai, dans d&rsquo;autres cas, la dur\u00e9e est illimit\u00e9e.<\/p>\n<p><span style=\"color: #999999;\">OLIO DI TOSCANA MERLINI, ne pas utiliser des cookies persistants.<\/span><\/p>\n<h5><span style=\"color: #808000;\">G\u00e9rer les cookies<\/span><\/h5>\n<p>L&rsquo;utilisateur peut d\u00e9cider d&rsquo;accepter les cookies en utilisant les param\u00e8tres du navigateur.<\/p>\n<p>Attention: La d\u00e9sactivation de tout ou partie des techniques les cookies peut compromettre l&rsquo;utilisation de la fonctionnalit\u00e9 du site r\u00e9serv\u00e9e aux utilisateurs enregistr\u00e9s. Au contraire, la facilit\u00e9 d&rsquo;utilisation de contenu public est \u00e9galement possible de d\u00e9sactiver compl\u00e8tement les cookies.<\/p>\n<p>La d\u00e9sactivation des cookies \u00ab\u00a0tierce partie\u00a0\u00bb ne pr\u00e9juge en aucune mani\u00e8re de la navigabilit\u00e9.<\/p>\n<p>Le r\u00e9glage peut \u00eatre d\u00e9fini sp\u00e9cifiquement pour diff\u00e9rents sites Web et les applications Web. En outre, les meilleurs navigateurs vous permettent de d\u00e9finir des param\u00e8tres diff\u00e9rents pour les biscuits \u00abpropri\u00e9taires\u00bb et ceux de \u00abtierces parties\u00bb.<\/p>\n<p>Par exemple, dans Firefox via le menu Outils-&gt; Options -&gt; Confidentialit\u00e9, vous pouvez acc\u00e9der \u00e0 un panneau de contr\u00f4le o\u00f9 vous pouvez sp\u00e9cifier si elle accepte ou non les diff\u00e9rents types de cookies et les supprimer.<\/p>\n<p>Chrome: https:\/\/support.google.com\/chrome\/answer\/95647?hl=it<\/p>\n<p>Firefox: https:\/\/support.mozilla.org\/it\/kb\/Gestione%20dei%20cookie<\/p>\n<p>Internet Explorer: http:\/\/windows.microsoft.com\/it-it\/windows7\/how-to-manage-cookies-in-internet-explorer-9<\/p>\n<p>Opera: http:\/\/help.opera.com\/Windows\/10.00\/it\/cookies.html<\/p>\n<p>Safari: http:\/\/support.apple.com\/kb\/HT1677?viewlocale=it_IT<br \/>\nSafari: http:\/\/support.apple.com\/kb\/HT1677?viewlocale=it_IT<\/p>\n<\/div>\n<\/div>\n<\/div>\n<\/div>\n<\/div>\n<\/div>\n<\/div>\n\n","protected":false},"excerpt":{"rendered":"","protected":false},"author":1,"featured_media":0,"parent":0,"menu_order":0,"comment_status":"closed","ping_status":"open","template":"","meta":{"footnotes":""},"class_list":["post-4886","page","type-page","status-publish","hentry"],"aioseo_notices":[],"_links":{"self":[{"href":"https:\/\/www.oliomerlini.it\/fr\/wp-json\/wp\/v2\/pages\/4886","targetHints":{"allow":["GET"]}}],"collection":[{"href":"https:\/\/www.oliomerlini.it\/fr\/wp-json\/wp\/v2\/pages"}],"about":[{"href":"https:\/\/www.oliomerlini.it\/fr\/wp-json\/wp\/v2\/types\/page"}],"author":[{"embeddable":true,"href":"https:\/\/www.oliomerlini.it\/fr\/wp-json\/wp\/v2\/users\/1"}],"replies":[{"embeddable":true,"href":"https:\/\/www.oliomerlini.it\/fr\/wp-json\/wp\/v2\/comments?post=4886"}],"version-history":[{"count":1,"href":"https:\/\/www.oliomerlini.it\/fr\/wp-json\/wp\/v2\/pages\/4886\/revisions"}],"predecessor-version":[{"id":5053,"href":"https:\/\/www.oliomerlini.it\/fr\/wp-json\/wp\/v2\/pages\/4886\/revisions\/5053"}],"wp:attachment":[{"href":"https:\/\/www.oliomerlini.it\/fr\/wp-json\/wp\/v2\/media?parent=4886"}],"curies":[{"name":"wp","href":"https:\/\/api.w.org\/{rel}","templated":true}]}}